{"id":2076,"date":"2022-07-15T04:54:58","date_gmt":"2022-07-15T00:54:58","guid":{"rendered":"https:\/\/mauritiusweddingplanner.com\/?page_id=2076"},"modified":"2022-07-15T06:24:55","modified_gmt":"2022-07-15T02:24:55","slug":"video-gallery","status":"publish","type":"page","link":"https:\/\/mauritiusweddingplanner.com\/fr\/video-gallery\/","title":{"rendered":"Our Video Gallery"},"content":{"rendered":"<div data-elementor-type=\"wp-page\" data-elementor-id=\"2076\" class=\"elementor elementor-2076\" data-elementor-post-type=\"page\">\n\t\t\t\t\t\t<section class=\"elementor-section elementor-top-section elementor-element elementor-element-414cef0c elementor-hidden-desktop elementor-hidden-tablet elementor-hidden-mobile elementor-section-boxed elementor-section-height-default elementor-section-height-default\" data-id=\"414cef0c\" data-element_type=\"section\" data-settings=\"{&quot;background_background&quot;:&quot;classic&quot;}\">\n\t\t\t\t\t\t\t<div class=\"elementor-background-overlay\"><\/div>\n\t\t\t\t\t\t\t<div class=\"elementor-container elementor-column-gap-default\">\n\t\t\t\t\t<div class=\"elementor-column elementor-col-66 elementor-top-column elementor-element elementor-element-21405cb2\" data-id=\"21405cb2\" data-element_type=\"column\" data-settings=\"{&quot;background_background&quot;:&quot;gradient&quot;}\">\n\t\t\t<div class=\"elementor-widget-wrap elementor-element-populated\">\n\t\t\t\t\t\t<div class=\"elementor-element elementor-element-4ba654f2 elementor-widget elementor-widget-heading\" data-id=\"4ba654f2\" data-element_type=\"widget\" data-widget_type=\"heading.default\">\n\t\t\t\t<div class=\"elementor-widget-container\">\n\t\t\t<h1 class=\"elementor-heading-title elementor-size-default\">Our Video Gallery<\/h1>\t\t<\/div>\n\t\t\t\t<\/div>\n\t\t\t\t<div class=\"elementor-element elementor-element-57276d22 elementor-widget elementor-widget-text-editor\" data-id=\"57276d22\" data-element_type=\"widget\" data-widget_type=\"text-editor.default\">\n\t\t\t\t<div class=\"elementor-widget-container\">\n\t\t\t\t\t\t\t<p>Mauritius Wedding Planner<\/p>\t\t\t\t\t\t<\/div>\n\t\t\t\t<\/div>\n\t\t\t\t\t<\/div>\n\t\t<\/div>\n\t\t\t\t<div class=\"elementor-column elementor-col-33 elementor-top-column elementor-element elementor-element-dc57fef\" data-id=\"dc57fef\" data-element_type=\"column\">\n\t\t\t<div class=\"elementor-widget-wrap\">\n\t\t\t\t\t\t\t<\/div>\n\t\t<\/div>\n\t\t\t\t\t<\/div>\n\t\t<\/section>\n\t\t\t\t<section class=\"elementor-section elementor-top-section elementor-element elementor-element-14b0a2f elementor-section-full_width elementor-section-height-default elementor-section-height-default\" data-id=\"14b0a2f\" data-element_type=\"section\">\n\t\t\t\t\t\t<div class=\"elementor-container elementor-column-gap-no\">\n\t\t\t\t\t<div class=\"elementor-column elementor-col-100 elementor-top-column elementor-element elementor-element-8015e75\" data-id=\"8015e75\" data-element_type=\"column\">\n\t\t\t<div class=\"elementor-widget-wrap elementor-element-populated\">\n\t\t\t\t\t\t<div class=\"elementor-element elementor-element-0896800 elementor-widget elementor-widget-shortcode\" data-id=\"0896800\" data-element_type=\"widget\" data-widget_type=\"shortcode.default\">\n\t\t\t\t<div class=\"elementor-widget-container\">\n\t\t\t\t\t<div class=\"elementor-shortcode\"><div class=\"epyt-gallery\" data-currpage=\"1\" id=\"epyt_gallery_69484\"><div class=\"epyt-video-wrapper\"><div  id=\"_ytid_56064\"  width=\"800\" height=\"450\"  data-origwidth=\"800\" data-origheight=\"450\"  data-relstop=\"1\" data-facadesrc=\"https:\/\/www.youtube.com\/embed\/?enablejsapi=1&autoplay=0&cc_load_policy=0&cc_lang_pref=&iv_load_policy=1&loop=0&modestbranding=1&rel=0&fs=1&playsinline=0&autohide=2&theme=dark&color=red&controls=1&\" class=\"__youtube_prefs__ epyt-facade no-lazyload\" data-epytgalleryid=\"epyt_gallery_69484\"  data-epautoplay=\"1\" ><img data-spai-excluded=\"true\" class=\"epyt-facade-poster skip-lazy\" loading=\"lazy\"  alt=\"YouTube player\"  data-facadeoembed=\"playlist?list=UUBM3QIcQlVje-KUaInwCScQ\"  \/><button class=\"epyt-facade-play\" aria-label=\"Play\"><svg data-no-lazy=\"1\" height=\"100%\" version=\"1.1\" viewbox=\"0 0 68 48\" width=\"100%\"><path class=\"ytp-large-play-button-bg\" d=\"M66.52,7.74c-0.78-2.93-2.49-5.41-5.42-6.19C55.79,.13,34,0,34,0S12.21,.13,6.9,1.55 C3.97,2.33,2.27,4.81,1.48,7.74C0.06,13.05,0,24,0,24s0.06,10.95,1.48,16.26c0.78,2.93,2.49,5.41,5.42,6.19 C12.21,47.87,34,48,34,48s21.79-0.13,27.1-1.55c2.93-0.78,4.64-3.26,5.42-6.19C67.94,34.95,68,24,68,24S67.94,13.05,66.52,7.74z\" fill=\"#f00\"><\/path><path d=\"M 45,24 27,14 27,34\" fill=\"#fff\"><\/path><\/svg><\/button><\/div><\/div><div class=\"epyt-gallery-list\"><div>Sorry, there was a YouTube error.<\/div><\/div><\/div><\/div>\n\t\t\t\t<\/div>\n\t\t\t\t<\/div>\n\t\t\t\t\t<\/div>\n\t\t<\/div>\n\t\t\t\t\t<\/div>\n\t\t<\/section>\n\t\t\t\t<section class=\"elementor-section elementor-top-section elementor-element elementor-element-6177c26c elementor-section-boxed elementor-section-height-default elementor-section-height-default\" data-id=\"6177c26c\" data-element_type=\"section\" data-settings=\"{&quot;background_background&quot;:&quot;classic&quot;}\">\n\t\t\t\t\t\t\t<div class=\"elementor-background-overlay\"><\/div>\n\t\t\t\t\t\t\t<div class=\"elementor-container elementor-column-gap-default\">\n\t\t\t\t\t<div class=\"elementor-column elementor-col-100 elementor-top-column elementor-element elementor-element-af67e2b\" data-id=\"af67e2b\" data-element_type=\"column\">\n\t\t\t<div class=\"elementor-widget-wrap elementor-element-populated\">\n\t\t\t\t\t\t<div class=\"elementor-element elementor-element-6751fe1 elementor-widget-divider--view-line_icon elementor-widget-divider--separator-type-pattern elementor-view-default elementor-widget-divider--element-align-center elementor-widget elementor-widget-divider\" data-id=\"6751fe1\" data-element_type=\"widget\" data-widget_type=\"divider.default\">\n\t\t\t\t<div class=\"elementor-widget-container\">\n\t\t\t\t\t<div class=\"elementor-divider\" style=\"--divider-pattern-url: url(&quot;data:image\/svg+xml,%3Csvg xmlns=&#039;http:\/\/www.w3.org\/2000\/svg&#039; preserveAspectRatio=&#039;none&#039; overflow=&#039;visible&#039; height=&#039;100%&#039; viewBox=&#039;0 0 24 24&#039; fill=&#039;none&#039; stroke=&#039;black&#039; stroke-width=&#039;&#039; stroke-linecap=&#039;square&#039; stroke-miterlimit=&#039;10&#039;%3E%3Cpath d=&#039;M0,21c3.3,0,8.3-0.9,15.7-7.1c6.6-5.4,4.4-9.3,2.4-10.3c-3.4-1.8-7.7,1.3-7.3,8.8C11.2,20,17.1,21,24,21&#039;\/%3E%3C\/svg%3E&quot;);\">\n\t\t\t<span class=\"elementor-divider-separator\">\n\t\t\t\t\t\t\t<div class=\"elementor-icon elementor-divider__element\">\n\t\t\t\t\t<svg aria-hidden=\"true\" class=\"e-font-icon-svg e-fas-spa\" viewbox=\"0 0 576 512\" xmlns=\"http:\/\/www.w3.org\/2000\/svg\"><path d=\"M568.25 192c-29.04.13-135.01 6.16-213.84 83-33.12 29.63-53.36 63.3-66.41 94.86-13.05-31.56-33.29-65.23-66.41-94.86-78.83-76.84-184.8-82.87-213.84-83-4.41-.02-7.79 3.4-7.75 7.82.23 27.92 7.14 126.14 88.77 199.3C172.79 480.94 256 480 288 480s115.19.95 199.23-80.88c81.64-73.17 88.54-171.38 88.77-199.3.04-4.42-3.34-7.84-7.75-7.82zM287.98 302.6c12.82-18.85 27.6-35.78 44.09-50.52 19.09-18.61 39.58-33.3 60.26-45.18-16.44-70.5-51.72-133.05-96.73-172.22-4.11-3.58-11.02-3.58-15.14 0-44.99 39.14-80.27 101.63-96.74 172.07 20.37 11.7 40.5 26.14 59.22 44.39a282.768 282.768 0 0 1 45.04 51.46z\"><\/path><\/svg><\/div>\n\t\t\t\t\t\t<\/span>\n\t\t<\/div>\n\t\t\t\t<\/div>\n\t\t\t\t<\/div>\n\t\t\t\t<div class=\"elementor-element elementor-element-27d60fa5 elementor-widget elementor-widget-heading\" data-id=\"27d60fa5\" data-element_type=\"widget\" data-widget_type=\"heading.default\">\n\t\t\t\t<div class=\"elementor-widget-container\">\n\t\t\t<h2 class=\"elementor-heading-title elementor-size-default\">Cr\u00e9ons ensemble un \u00e9v\u00e9nement fabuleux<\/h2>\t\t<\/div>\n\t\t\t\t<\/div>\n\t\t\t\t<section class=\"elementor-section elementor-inner-section elementor-element elementor-element-52998023 elementor-section-boxed elementor-section-height-default elementor-section-height-default\" data-id=\"52998023\" data-element_type=\"section\">\n\t\t\t\t\t\t<div class=\"elementor-container elementor-column-gap-default\">\n\t\t\t\t\t<div class=\"elementor-column elementor-col-100 elementor-inner-column elementor-element elementor-element-555429f7\" data-id=\"555429f7\" data-element_type=\"column\">\n\t\t\t<div class=\"elementor-widget-wrap elementor-element-populated\">\n\t\t\t\t\t\t<div class=\"elementor-element elementor-element-52bef3f2 elementor-align-center elementor-widget__width-auto elementor-mobile-align-justify elementor-widget-mobile__width-inherit elementor-widget elementor-widget-button\" data-id=\"52bef3f2\" data-element_type=\"widget\" data-widget_type=\"button.default\">\n\t\t\t\t<div class=\"elementor-widget-container\">\n\t\t\t\t\t\t\t\t<a class=\"elementor-button elementor-button-link elementor-size-sm\" href=\"https:\/\/mauritiusweddingplanner.com\/fr\/book-now\/\">\n\t\t\t\t\t\t<span class=\"elementor-button-content-wrapper\">\n\t\t\t\t\t\t\t\t\t<span class=\"elementor-button-text\">Planifions votre mariage<\/span>\n\t\t\t\t\t<\/span>\n\t\t\t\t\t<\/a>\n\t\t\t\t\t\t<\/div>\n\t\t\t\t<\/div>\n\t\t\t\t\t<\/div>\n\t\t<\/div>\n\t\t\t\t\t<\/div>\n\t\t<\/section>\n\t\t\t\t\t<\/div>\n\t\t<\/div>\n\t\t\t\t\t<\/div>\n\t\t<\/section>\n\t\t\t\t<\/div>","protected":false},"excerpt":{"rendered":"<p>Mauritius Wedding Planner make something special with us Plan Your Wedding<\/p>","protected":false},"author":1,"featured_media":1673,"parent":0,"menu_order":0,"comment_status":"closed","ping_status":"closed","template":"","meta":{"footnotes":""},"class_list":["post-2076","page","type-page","status-publish","has-post-thumbnail","hentry"],"yoast_head":"<!-- This site is optimized with the Yoast SEO plugin v21.4 - https:\/\/yoast.com\/wordpress\/plugins\/seo\/ -->\n<title>Our Video Gallery | Mauritius Wedding Planner<\/title>\n<meta name=\"robots\" content=\"index, follow, max-snippet:-1, max-image-preview:large, max-video-preview:-1\" \/>\n<link rel=\"canonical\" href=\"https:\/\/mauritiusweddingplanner.com\/fr\/video-gallery\/\" \/>\n<meta property=\"og:locale\" content=\"fr_FR\" \/>\n<meta property=\"og:type\" content=\"article\" \/>\n<meta property=\"og:title\" content=\"Our Video Gallery | Mauritius Wedding Planner\" \/>\n<meta property=\"og:description\" content=\"Mauritius Wedding Planner make something special with us Plan Your Wedding\" \/>\n<meta property=\"og:url\" content=\"https:\/\/mauritiusweddingplanner.com\/fr\/video-gallery\/\" \/>\n<meta property=\"og:site_name\" content=\"Mauritius Wedding Planner\" \/>\n<meta property=\"article:publisher\" content=\"https:\/\/www.facebook.com\/weddingplannermauritius\" \/>\n<meta property=\"article:modified_time\" content=\"2022-07-15T02:24:55+00:00\" \/>\n<meta property=\"og:image\" content=\"https:\/\/mauritiusweddingplanner.com\/wp-content\/uploads\/2022\/06\/Slider_01_web.webp\" \/>\n\t<meta property=\"og:image:width\" content=\"1280\" \/>\n\t<meta property=\"og:image:height\" content=\"725\" \/>\n\t<meta property=\"og:image:type\" content=\"image\/webp\" \/>\n<meta name=\"twitter:card\" content=\"summary_large_image\" \/>\n<meta name=\"twitter:label1\" content=\"Dur\u00e9e de lecture estim\u00e9e\" \/>\n\t<meta name=\"twitter:data1\" content=\"1 minute\" \/>\n<script type=\"application\/ld+json\" class=\"yoast-schema-graph\">{\"@context\":\"https:\/\/schema.org\",\"@graph\":[{\"@type\":\"WebPage\",\"@id\":\"https:\/\/mauritiusweddingplanner.com\/video-gallery\/\",\"url\":\"https:\/\/mauritiusweddingplanner.com\/video-gallery\/\",\"name\":\"Our Video Gallery | Mauritius Wedding Planner\",\"isPartOf\":{\"@id\":\"https:\/\/mauritiusweddingplanner.com\/#website\"},\"datePublished\":\"2022-07-15T00:54:58+00:00\",\"dateModified\":\"2022-07-15T02:24:55+00:00\",\"breadcrumb\":{\"@id\":\"https:\/\/mauritiusweddingplanner.com\/video-gallery\/#breadcrumb\"},\"inLanguage\":\"fr-FR\",\"potentialAction\":[{\"@type\":\"ReadAction\",\"target\":[\"https:\/\/mauritiusweddingplanner.com\/video-gallery\/\"]}]},{\"@type\":\"BreadcrumbList\",\"@id\":\"https:\/\/mauritiusweddingplanner.com\/video-gallery\/#breadcrumb\",\"itemListElement\":[{\"@type\":\"ListItem\",\"position\":1,\"name\":\"Home\",\"item\":\"https:\/\/mauritiusweddingplanner.com\/\"},{\"@type\":\"ListItem\",\"position\":2,\"name\":\"Our Video Gallery\"}]},{\"@type\":\"WebSite\",\"@id\":\"https:\/\/mauritiusweddingplanner.com\/#website\",\"url\":\"https:\/\/mauritiusweddingplanner.com\/\",\"name\":\"Mauritius Wedding Planner\",\"description\":\"Planning Weddings in Mauritius\",\"publisher\":{\"@id\":\"https:\/\/mauritiusweddingplanner.com\/#organization\"},\"potentialAction\":[{\"@type\":\"SearchAction\",\"target\":{\"@type\":\"EntryPoint\",\"urlTemplate\":\"https:\/\/mauritiusweddingplanner.com\/?s={search_term_string}\"},\"query-input\":\"required name=search_term_string\"}],\"inLanguage\":\"fr-FR\"},{\"@type\":\"Organization\",\"@id\":\"https:\/\/mauritiusweddingplanner.com\/#organization\",\"name\":\"Mauritius Wedding Planner\",\"url\":\"https:\/\/mauritiusweddingplanner.com\/\",\"logo\":{\"@type\":\"ImageObject\",\"inLanguage\":\"fr-FR\",\"@id\":\"https:\/\/mauritiusweddingplanner.com\/#\/schema\/logo\/image\/\",\"url\":\"https:\/\/mauritiusweddingplanner.com\/wp-content\/uploads\/2022\/08\/logo_bwn_2048.png\",\"contentUrl\":\"https:\/\/mauritiusweddingplanner.com\/wp-content\/uploads\/2022\/08\/logo_bwn_2048.png\",\"width\":2048,\"height\":1787,\"caption\":\"Mauritius Wedding Planner\"},\"image\":{\"@id\":\"https:\/\/mauritiusweddingplanner.com\/#\/schema\/logo\/image\/\"},\"sameAs\":[\"https:\/\/www.facebook.com\/weddingplannermauritius\",\"https:\/\/www.instagram.com\/wedding_planner29\/\"]}]}<\/script>\n<!-- \/ Yoast SEO plugin. -->","yoast_head_json":{"title":"Our Video Gallery | Mauritius Wedding Planner","robots":{"index":"index","follow":"follow","max-snippet":"max-snippet:-1","max-image-preview":"max-image-preview:large","max-video-preview":"max-video-preview:-1"},"canonical":"https:\/\/mauritiusweddingplanner.com\/fr\/video-gallery\/","og_locale":"fr_FR","og_type":"article","og_title":"Our Video Gallery | Mauritius Wedding Planner","og_description":"Mauritius Wedding Planner make something special with us Plan Your Wedding","og_url":"https:\/\/mauritiusweddingplanner.com\/fr\/video-gallery\/","og_site_name":"Mauritius Wedding Planner","article_publisher":"https:\/\/www.facebook.com\/weddingplannermauritius","article_modified_time":"2022-07-15T02:24:55+00:00","og_image":[{"width":1280,"height":725,"url":"https:\/\/mauritiusweddingplanner.com\/wp-content\/uploads\/2022\/06\/Slider_01_web.webp","type":"image\/webp"}],"twitter_card":"summary_large_image","twitter_misc":{"Dur\u00e9e de lecture estim\u00e9e":"1 minute"},"schema":{"@context":"https:\/\/schema.org","@graph":[{"@type":"WebPage","@id":"https:\/\/mauritiusweddingplanner.com\/video-gallery\/","url":"https:\/\/mauritiusweddingplanner.com\/video-gallery\/","name":"Our Video Gallery | Mauritius Wedding Planner","isPartOf":{"@id":"https:\/\/mauritiusweddingplanner.com\/#website"},"datePublished":"2022-07-15T00:54:58+00:00","dateModified":"2022-07-15T02:24:55+00:00","breadcrumb":{"@id":"https:\/\/mauritiusweddingplanner.com\/video-gallery\/#breadcrumb"},"inLanguage":"fr-FR","potentialAction":[{"@type":"ReadAction","target":["https:\/\/mauritiusweddingplanner.com\/video-gallery\/"]}]},{"@type":"BreadcrumbList","@id":"https:\/\/mauritiusweddingplanner.com\/video-gallery\/#breadcrumb","itemListElement":[{"@type":"ListItem","position":1,"name":"Home","item":"https:\/\/mauritiusweddingplanner.com\/"},{"@type":"ListItem","position":2,"name":"Our Video Gallery"}]},{"@type":"WebSite","@id":"https:\/\/mauritiusweddingplanner.com\/#website","url":"https:\/\/mauritiusweddingplanner.com\/","name":"Mauritius Wedding Planner","description":"Planning Weddings in Mauritius","publisher":{"@id":"https:\/\/mauritiusweddingplanner.com\/#organization"},"potentialAction":[{"@type":"SearchAction","target":{"@type":"EntryPoint","urlTemplate":"https:\/\/mauritiusweddingplanner.com\/?s={search_term_string}"},"query-input":"required name=search_term_string"}],"inLanguage":"fr-FR"},{"@type":"Organization","@id":"https:\/\/mauritiusweddingplanner.com\/#organization","name":"Mauritius Wedding Planner","url":"https:\/\/mauritiusweddingplanner.com\/","logo":{"@type":"ImageObject","inLanguage":"fr-FR","@id":"https:\/\/mauritiusweddingplanner.com\/#\/schema\/logo\/image\/","url":"https:\/\/mauritiusweddingplanner.com\/wp-content\/uploads\/2022\/08\/logo_bwn_2048.png","contentUrl":"https:\/\/mauritiusweddingplanner.com\/wp-content\/uploads\/2022\/08\/logo_bwn_2048.png","width":2048,"height":1787,"caption":"Mauritius Wedding Planner"},"image":{"@id":"https:\/\/mauritiusweddingplanner.com\/#\/schema\/logo\/image\/"},"sameAs":["https:\/\/www.facebook.com\/weddingplannermauritius","https:\/\/www.instagram.com\/wedding_planner29\/"]}]}},"_links":{"self":[{"href":"https:\/\/mauritiusweddingplanner.com\/fr\/wp-json\/wp\/v2\/pages\/2076","targetHints":{"allow":["GET"]}}],"collection":[{"href":"https:\/\/mauritiusweddingplanner.com\/fr\/wp-json\/wp\/v2\/pages"}],"about":[{"href":"https:\/\/mauritiusweddingplanner.com\/fr\/wp-json\/wp\/v2\/types\/page"}],"author":[{"embeddable":true,"href":"https:\/\/mauritiusweddingplanner.com\/fr\/wp-json\/wp\/v2\/users\/1"}],"replies":[{"embeddable":true,"href":"https:\/\/mauritiusweddingplanner.com\/fr\/wp-json\/wp\/v2\/comments?post=2076"}],"version-history":[{"count":22,"href":"https:\/\/mauritiusweddingplanner.com\/fr\/wp-json\/wp\/v2\/pages\/2076\/revisions"}],"predecessor-version":[{"id":2100,"href":"https:\/\/mauritiusweddingplanner.com\/fr\/wp-json\/wp\/v2\/pages\/2076\/revisions\/2100"}],"wp:featuredmedia":[{"embeddable":true,"href":"https:\/\/mauritiusweddingplanner.com\/fr\/wp-json\/wp\/v2\/media\/1673"}],"wp:attachment":[{"href":"https:\/\/mauritiusweddingplanner.com\/fr\/wp-json\/wp\/v2\/media?parent=2076"}],"curies":[{"name":"wp","href":"https:\/\/api.w.org\/{rel}","templated":true}]}}